{"id":19947,"date":"2023-10-11T16:55:44","date_gmt":"2023-10-11T14:55:44","guid":{"rendered":"https:\/\/www.germinadorsocial.com\/repensando\/"},"modified":"2023-10-11T19:35:16","modified_gmt":"2023-10-11T17:35:16","slug":"repensant","status":"publish","type":"page","link":"https:\/\/www.germinadorsocial.com\/ca\/","title":{"rendered":"Repensant"},"content":{"rendered":"<div class=\"wpb-content-wrapper\">[vc_section full_width=&#8221;stretch_row&#8221; el_class=&#8221;repensant-section&#8221;][vc_row][vc_column][vc_single_image image=&#8221;19928&#8243; img_size=&#8221;200&#215;363&#8243; alignment=&#8221;center&#8221; el_class=&#8221;imatge-repensa&#8221;][vc_row_inner el_class=&#8221;repensant-fila&#8221;][vc_column_inner width=&#8221;1\/2&#8243;][vc_column_text color=&#8221;#6f6740&#8243;]\n<h2>AQUEST ANY EL<br \/>\n<span class=\"white-text\">GERMINADOR SOCIAL<\/span><br \/>\nES REPENSA<\/h2>\n[\/vc_column_text][vc_column_text]El Germinador Social s\u2019atura per repensar-se.<\/p>\n<p>El context energ\u00e8tic actual ha evolucionat molt des que va comen\u00e7ar el Germinador Social, i durant el 2023 volem dedicar els esfor\u00e7os a valorar les sis edicions passades, per repensar i actualitzar el sentit del concurs. Tamb\u00e9 es vol replantejar el seu encaix en les l\u00ednies de treball de les dues entitats que el promouen, i detectar possibles noves vies i necessitats per seguir donant suport a la innovaci\u00f3.<\/p>\n<p>En els pr\u00f2xims mesos, es dur\u00e0 a terme una avaluaci\u00f3 dels diferents nivells d\u2019impacte que ha tingut el Germinador Social. Despr\u00e9s de la recollida d\u2019informaci\u00f3, es sistematitzar\u00e0 i s\u2019iniciar\u00e0 un proc\u00e9s de reflexi\u00f3 per definir els objectius i l\u2019enfocament de la nova etapa del Germinador Social.[\/vc_column_text][\/vc_column_inner][vc_column_inner width=&#8221;1\/2&#8243;][vc_column_text color=&#8221;#6f6740&#8243;]\n<h2>ESTE A\u00d1O EL<br \/>\n<span class=\"white-text\">GERMINADOR SOCIAL<\/span><br \/>\nSE REPIENSA<\/h2>\n[\/vc_column_text][vc_column_text]El Germinador Social se detiene para repensarse.<\/p>\n<p>El contexto energ\u00e9tico actual ha evolucionado mucho desde que empez\u00f3 el Germinador Social. Este 2023 estamos dedicando los esfuerzos a valorar las ediciones pasadas y a repensar y actualizar el sentido del concurso. Tambi\u00e9n vemos la necesidad de replantear su encaje en las l\u00edneas de trabajo de las dos entidades que lo promueven, y detectar posibles nuevas v\u00edas y necesidades para seguir apoyando la innovaci\u00f3n.<\/p>\n<p>En los pr\u00f3ximos meses, se llevar\u00e1 a cabo una evaluaci\u00f3n de los diferentes niveles de impacto que ha tenido el Germinador Social. Tras la recogida de informaci\u00f3n, se sistematizar\u00e1 y se iniciar\u00e1 un proceso de reflexi\u00f3n para definir los objetivos y el enfoque de la nueva etapa del Germinador Social.[\/vc_column_text][\/vc_column_inner][\/vc_row_inner][\/vc_column][\/vc_row][\/vc_section]\n<\/div>","protected":false},"excerpt":{"rendered":"<p>[vc_section full_width=&#8221;stretch_row&#8221; el_class=&#8221;repensant-section&#8221;][vc_row][vc_column][vc_single_image image=&#8221;19928&#8243; img_size=&#8221;200&#215;363&#8243; alignment=&#8221;center&#8221; el_class=&#8221;imatge-repensa&#8221;][vc_row_inner el_class=&#8221;repensant-fila&#8221;][vc_column_inner width=&#8221;1\/2&#8243;][vc_column_text color=&#8221;#6f6740&#8243;] AQUEST ANY EL GERMINADOR SOCIAL ES REPENSA [\/vc_column_text][vc_column_text]El Germinador Social s\u2019atura per repensar-se. El context energ\u00e8tic actual ha evolucionat molt des que va comen\u00e7ar el Germinador Social, i durant el&hellip;<\/p>\n","protected":false},"author":119,"featured_media":0,"parent":0,"menu_order":0,"comment_status":"closed","ping_status":"closed","template":"","meta":{"inline_featured_image":false,"footnotes":""},"class_list":["post-19947","page","type-page","status-publish","hentry","entry","no-media"],"aioseo_notices":[],"_links":{"self":[{"href":"https:\/\/www.germinadorsocial.com\/ca\/wp-json\/wp\/v2\/pages\/19947","targetHints":{"allow":["GET"]}}],"collection":[{"href":"https:\/\/www.germinadorsocial.com\/ca\/wp-json\/wp\/v2\/pages"}],"about":[{"href":"https:\/\/www.germinadorsocial.com\/ca\/wp-json\/wp\/v2\/types\/page"}],"author":[{"embeddable":true,"href":"https:\/\/www.germinadorsocial.com\/ca\/wp-json\/wp\/v2\/users\/119"}],"replies":[{"embeddable":true,"href":"https:\/\/www.germinadorsocial.com\/ca\/wp-json\/wp\/v2\/comments?post=19947"}],"version-history":[{"count":3,"href":"https:\/\/www.germinadorsocial.com\/ca\/wp-json\/wp\/v2\/pages\/19947\/revisions"}],"predecessor-version":[{"id":19951,"href":"https:\/\/www.germinadorsocial.com\/ca\/wp-json\/wp\/v2\/pages\/19947\/revisions\/19951"}],"wp:attachment":[{"href":"https:\/\/www.germinadorsocial.com\/ca\/wp-json\/wp\/v2\/media?parent=19947"}],"curies":[{"name":"wp","href":"https:\/\/api.w.org\/{rel}","templated":true}]}}